{"id":13594,"date":"2024-06-10T10:18:37","date_gmt":"2024-06-10T08:18:37","guid":{"rendered":"https:\/\/zunhammer.de\/kariera\/"},"modified":"2026-05-04T15:02:46","modified_gmt":"2026-05-04T13:02:46","slug":"kariera","status":"publish","type":"page","link":"https:\/\/zunhammer.de\/sk\/kariera\/","title":{"rendered":"Kari\u00e9ra"},"content":{"rendered":"<p>[et_pb_section fb_built=&#8220;1&#8243; admin_label=&#8220;Slider&#8220; _builder_version=&#8220;4.22.2&#8243; _module_preset=&#8220;default&#8220; background_color=&#8220;#000000&#8243; custom_margin=&#8220;0px|0px|0px|0px|false|false&#8220; custom_margin_tablet=&#8220;-15px||||false|false&#8220; custom_margin_phone=&#8220;-30px||||false|false&#8220; custom_margin_last_edited=&#8220;off|desktop&#8220; custom_padding=&#8220;0px|0px|0px|0px|false|false&#8220; locked=&#8220;off&#8220; global_colors_info=&#8220;{}&#8220;][et_pb_row _builder_version=&#8220;4.22.2&#8243; _module_preset=&#8220;default&#8220; background_enable_color=&#8220;off&#8220; background_enable_image=&#8220;off&#8220; background_size=&#8220;initial&#8220; background_position=&#8220;bottom_center&#8220; width=&#8220;100%&#8220; max_width=&#8220;100%&#8220; custom_margin=&#8220;0px|0px|0px|0px|false|false&#8220; custom_padding=&#8220;0px|0px|0px|0px|false|false&#8220; global_colors_info=&#8220;{%22gcid-c71151cf-7e21-4707-bb87-19ad419fd414%22:%91%22background_color%22%93}&#8220;][et_pb_column type=&#8220;4_4&#8243; _builder_version=&#8220;4.20.0&#8243; _module_preset=&#8220;default&#8220; custom_padding=&#8220;||||false|false&#8220; global_colors_info=&#8220;{}&#8220;][et_pb_slider show_arrows=&#8220;off&#8220; use_text_overlay=&#8220;off&#8220; show_pagination_tablet=&#8220;&#8220; show_pagination_phone=&#8220;off&#8220; show_pagination_last_edited=&#8220;on|phone&#8220; _builder_version=&#8220;4.25.1&#8243; _module_preset=&#8220;default&#8220; header_font_size=&#8220;36px&#8220; body_font_size=&#8220;18px&#8220; background_color=&#8220;#000000&#8243; positioning=&#8220;none&#8220; text_orientation=&#8220;left&#8220; width=&#8220;100%&#8220; max_width=&#8220;100%&#8220; module_alignment=&#8220;left&#8220; content_max_width=&#8220;100%&#8220; height=&#8220;60vh&#8220; custom_margin=&#8220;0px|0px|0px|0px|false|false&#8220; custom_padding=&#8220;0px|0px|0px|0px|false|false&#8220; auto=&#8220;on&#8220; header_font_size_tablet=&#8220;20px&#8220; header_font_size_phone=&#8220;20px&#8220; header_font_size_last_edited=&#8220;on|tablet&#8220; body_font_size_tablet=&#8220;15px&#8220; body_font_size_phone=&#8220;15px&#8220; body_font_size_last_edited=&#8220;on|tablet&#8220; border_radii=&#8220;off||||&#8220; global_colors_info=&#8220;{%22gcid-5f0e16ae-ebd9-4bc6-bc99-b44885512910%22:%91%22text_overlay_color%22%93}&#8220;][et_pb_slide heading_tablet=&#8220;KUSGU&#8220; heading_phone=&#8220; &#8220; heading_last_edited=&#8220;on|desktop&#8220; text_overlay_color_tablet=&#8220;&#8220; text_overlay_color_phone=&#8220;RGBA(255,255,255,0)&#8220; text_overlay_color_last_edited=&#8220;on|phone&#8220; content_tablet=&#8220;<\/p>\n<p><strong>kr\u00e1tky diskov\u00fd kultiv\u00e1tor pre profesion\u00e1lov!<\/strong><\/p>\n<p>&#8220; content_phone=&#8220;&#8220; content_last_edited=&#8220;on|phone&#8220; _builder_version=&#8220;4.25.1&#8243; _module_preset=&#8220;default&#8220; header_line_height=&#8220;0.4em&#8220; background_enable_color=&#8220;off&#8220; background_image=&#8220;https:\/\/www.zunhammer.de\/wp-content\/uploads\/2024\/06\/zunhammer_drohne_2022.jpg&#8220; background_enable_image=&#8220;on&#8220; global_colors_info=&#8220;{}&#8220; sticky_transition=&#8220;on&#8220;]<\/p>\n<p><strong> <\/strong><\/p>\n<p>[\/et_pb_slide][\/et_pb_slider][et_pb_image src=&#8220;https:\/\/www.zunhammer.de\/wp-content\/uploads\/2023\/04\/scrolldown.gif&#8220; title_text=&#8220;rolovanie&#8220; url=&#8220;#next&#8220; align=&#8220;center&#8220; disabled_on=&#8220;off|on|off&#8220; _builder_version=&#8220;4.22.2&#8243; _module_preset=&#8220;default&#8220; positioning=&#8220;absolute&#8220; position_origin_a=&#8220;bottom_center&#8220; vertical_offset=&#8220;21px&#8220; z_index=&#8220;290&#8243; height=&#8220;90px&#8220; custom_margin=&#8220;0px|0px|0px|0px|false|false&#8220; custom_padding=&#8220;0px|0px|0px|0px|false|false&#8220; global_colors_info=&#8220;{}&#8220;][\/et_pb_image][\/et_pb_column][\/et_pb_row][\/et_pb_section][et_pb_section fb_built=&#8220;1&#8243; _builder_version=&#8220;4.25.1&#8243; _module_preset=&#8220;default&#8220; locked=&#8220;off&#8220; global_colors_info=&#8220;{}&#8220;][et_pb_row _builder_version=&#8220;4.27.0&#8243; _module_preset=&#8220;default&#8220; width=&#8220;90%&#8220; module_alignment=&#8220;center&#8220; custom_margin=&#8220;20px|0px|30px|0px|false|false&#8220; custom_margin_tablet=&#8220;0px||20px||false|false&#8220; custom_margin_phone=&#8220;0px||20px||false|false&#8220; custom_margin_last_edited=&#8220;on|phone&#8220; custom_padding=&#8220;0px|0px|0px|0px|false|false&#8220; global_colors_info=&#8220;{}&#8220;][et_pb_column type=&#8220;4_4&#8243; _builder_version=&#8220;4.25.1&#8243; _module_preset=&#8220;default&#8220; global_colors_info=&#8220;{}&#8220;][et_pb_text _builder_version=&#8220;4.27.0&#8243; _module_preset=&#8220;default&#8220; custom_margin=&#8220;0px|0px|0px|0px|false|false&#8220; custom_padding=&#8220;0px|0px|0px|0px|false|false&#8220; header_font_size_phone=&#8220;22px&#8220; header_3_font_size_phone=&#8220;18px&#8220; global_colors_info=&#8220;{}&#8220;]<\/p>\n<h1>Kari\u00e9ra<\/h1>\n<h3>So Zunhammerom a\u017e na vrchol<\/h3>\n<p>Spolo\u010dnos\u0165 Zunhammer je jednou z popredn\u00fdch spolo\u010dnost\u00ed v oblasti po\u013enohospod\u00e1rskej techniky, ktor\u00e1 sa \u0161pecializuje na prepravu, rozmetanie a zapracovanie po\u013enohospod\u00e1rskeho hnoja.<\/p>\n<p>[\/et_pb_text][\/et_pb_column][\/et_pb_row][\/et_pb_section][et_pb_section fb_built=&#8220;1&#8243; admin_label=&#8220;Sektion&#8220; _builder_version=&#8220;4.27.0&#8243; _module_preset=&#8220;default&#8220; background_color=&#8220;gcid-feda6e0a-f18d-42b3-9f06-d0fa16b46759&#8243; width=&#8220;100%&#8220; custom_margin=&#8220;0px|0px|0px|0px|false|false&#8220; custom_padding=&#8220;0px|0px|60px|0px|false|false&#8220; global_colors_info=&#8220;{%22gcid-feda6e0a-f18d-42b3-9f06-d0fa16b46759%22:%91%22background_color%22%93}&#8220;][et_pb_row custom_padding_last_edited=&#8220;on|phone&#8220; _builder_version=&#8220;4.27.0&#8243; _module_preset=&#8220;default&#8220; width=&#8220;90%&#8220; module_alignment=&#8220;center&#8220; custom_margin=&#8220;0px||||false|false&#8220; custom_margin_tablet=&#8220;0px||||false|false&#8220; custom_margin_phone=&#8220;0px|0px|0px|0px|false|false&#8220; custom_margin_last_edited=&#8220;on|phone&#8220; custom_padding=&#8220;90px|0px|0px|0px|false|false&#8220; custom_padding_tablet=&#8220;60px||||false|false&#8220; custom_padding_phone=&#8220;50px||||false|false&#8220; module_alignment_tablet=&#8220;center&#8220; module_alignment_phone=&#8220;center&#8220; module_alignment_last_edited=&#8220;on|phone&#8220; global_colors_info=&#8220;{}&#8220;][et_pb_column type=&#8220;4_4&#8243; _builder_version=&#8220;4.25.1&#8243; _module_preset=&#8220;default&#8220; global_colors_info=&#8220;{}&#8220;][et_pb_text _builder_version=&#8220;4.27.0&#8243; _module_preset=&#8220;default&#8220; custom_padding=&#8220;||0px|||&#8220; header_2_font_size_tablet=&#8220;&#8220; header_2_font_size_phone=&#8220;22px&#8220; header_2_font_size_last_edited=&#8220;on|phone&#8220; global_colors_info=&#8220;{}&#8220;]<\/p>\n<h2>Na\u0161e vo\u013en\u00e9 pracovn\u00e9 miesta<\/h2>\n<p>&nbsp;<\/p>\n<p>[\/et_pb_text][et_pb_blog fullwidth=&#8220;off&#8220; post_type=&#8220;jobs&#8220; use_manual_excerpt=&#8220;off&#8220; show_author=&#8220;off&#8220; show_date=&#8220;off&#8220; show_categories=&#8220;off&#8220; show_excerpt=&#8220;off&#8220; show_pagination=&#8220;off&#8220; disabled_on=&#8220;off|off|off&#8220; module_class=&#8220;zun-blog&#8220; _builder_version=&#8220;4.27.0&#8243; _module_preset=&#8220;default&#8220; header_text_color=&#8220;gcid-c71151cf-7e21-4707-bb87-19ad419fd414&#8243; header_font_size=&#8220;19px&#8220; header_line_height=&#8220;1.2em&#8220; custom_padding=&#8220;||||false|false&#8220; header_font_size_tablet=&#8220;19px&#8220; header_font_size_phone=&#8220;18px&#8220; header_font_size_last_edited=&#8220;on|desktop&#8220; locked=&#8220;off&#8220; global_colors_info=&#8220;{%22gcid-c71151cf-7e21-4707-bb87-19ad419fd414%22:%91%22header_text_color%22%93}&#8220;][\/et_pb_blog][\/et_pb_column][\/et_pb_row][\/et_pb_section][et_pb_section fb_built=&#8220;1&#8243; admin_label=&#8220;Sektion&#8220; _builder_version=&#8220;4.27.0&#8243; _module_preset=&#8220;default&#8220; background_color=&#8220;#FFFFFF&#8220; width=&#8220;100%&#8220; custom_margin=&#8220;0px|0px|0px|0px|false|false&#8220; custom_padding=&#8220;0px|0px|0px|0px|false|false&#8220; global_colors_info=&#8220;{}&#8220;][et_pb_row custom_padding_last_edited=&#8220;on|phone&#8220; _builder_version=&#8220;4.27.0&#8243; _module_preset=&#8220;default&#8220; width=&#8220;90%&#8220; module_alignment=&#8220;center&#8220; custom_margin=&#8220;0px||||false|false&#8220; custom_margin_tablet=&#8220;0px||||false|false&#8220; custom_margin_phone=&#8220;0px|0px|0px|0px|false|false&#8220; custom_margin_last_edited=&#8220;on|phone&#8220; custom_padding=&#8220;90px|0px|0px|0px|false|false&#8220; custom_padding_tablet=&#8220;60px||||false|false&#8220; custom_padding_phone=&#8220;50px||||false|false&#8220; module_alignment_tablet=&#8220;center&#8220; module_alignment_phone=&#8220;center&#8220; module_alignment_last_edited=&#8220;on|phone&#8220; global_colors_info=&#8220;{}&#8220;][et_pb_column type=&#8220;4_4&#8243; _builder_version=&#8220;4.25.1&#8243; _module_preset=&#8220;default&#8220; global_colors_info=&#8220;{}&#8220;][et_pb_text _builder_version=&#8220;4.27.0&#8243; _module_preset=&#8220;default&#8220; header_2_font_size_tablet=&#8220;&#8220; header_2_font_size_phone=&#8220;22px&#8220; header_2_font_size_last_edited=&#8220;on|phone&#8220; global_colors_info=&#8220;{}&#8220;]<\/p>\n<h2>Na\u0161e programy odbornej pr\u00edpravy<\/h2>\n<p>[\/et_pb_text][\/et_pb_column][\/et_pb_row][et_pb_row use_custom_gutter=&#8220;on&#8220; make_equal=&#8220;on&#8220; admin_label=&#8220;Riadok&#8220; _builder_version=&#8220;4.27.0&#8243; _module_preset=&#8220;default&#8220; width=&#8220;90%&#8220; global_colors_info=&#8220;{}&#8220;][et_pb_column type=&#8220;4_4&#8243; _builder_version=&#8220;4.25.1&#8243; _module_preset=&#8220;default&#8220; global_colors_info=&#8220;{}&#8220;][et_pb_blog fullwidth=&#8220;off&#8220; post_type=&#8220;ausbildung&#8220; use_manual_excerpt=&#8220;off&#8220; show_author=&#8220;off&#8220; show_date=&#8220;off&#8220; show_categories=&#8220;off&#8220; show_excerpt=&#8220;off&#8220; show_pagination=&#8220;off&#8220; module_class=&#8220;zun-blog&#8220; _builder_version=&#8220;4.27.0&#8243; _module_preset=&#8220;default&#8220; header_text_color=&#8220;gcid-c71151cf-7e21-4707-bb87-19ad419fd414&#8243; header_font_size=&#8220;19px&#8220; header_line_height=&#8220;1.2em&#8220; custom_padding=&#8220;||||false|false&#8220; header_font_size_tablet=&#8220;19px&#8220; header_font_size_phone=&#8220;18px&#8220; header_font_size_last_edited=&#8220;on|desktop&#8220; border_radii=&#8220;on|10px|10px|10px|10px&#8220; global_colors_info=&#8220;{%22gcid-c71151cf-7e21-4707-bb87-19ad419fd414%22:%91%22header_text_color%22%93}&#8220;][\/et_pb_blog][\/et_pb_column][\/et_pb_row][\/et_pb_section]<\/p>\n","protected":false},"excerpt":{"rendered":"<p>Kari\u00e9ra So Zunhammerom a\u017e na vrchol Spolo\u010dnos\u0165 Zunhammer je jednou z popredn\u00fdch spolo\u010dnost\u00ed v oblasti po\u013enohospod\u00e1rskej techniky, ktor\u00e1 sa \u0161pecializuje na prepravu, rozmetanie a zapracovanie po\u013enohospod\u00e1rskeho hnoja.Na\u0161e vo\u013en\u00e9 pracovn\u00e9 miesta &nbsp;Na\u0161e programy odbornej pr\u00edpravy<\/p>\n","protected":false},"author":1,"featured_media":0,"parent":0,"menu_order":0,"comment_status":"closed","ping_status":"closed","template":"","meta":{"_acf_changed":false,"_et_pb_use_builder":"on","_et_pb_old_content":"","_et_gb_content_width":"","footnotes":""},"class_list":["post-13594","page","type-page","status-publish","hentry"],"acf":[],"yoast_head":"<!-- This site is optimized with the Yoast SEO plugin v27.5 - https:\/\/yoast.com\/product\/yoast-seo-wordpress\/ -->\n<title>Kari\u00e9ra - Zunhammer<\/title>\n<meta name=\"robots\" content=\"index, follow, max-snippet:-1, max-image-preview:large, max-video-preview:-1\" \/>\n<link rel=\"canonical\" href=\"https:\/\/zunhammer.de\/sk\/kariera\/\" \/>\n<meta property=\"og:locale\" content=\"sk_SK\" \/>\n<meta property=\"og:type\" content=\"article\" \/>\n<meta property=\"og:title\" content=\"Kari\u00e9ra - Zunhammer\" \/>\n<meta property=\"og:description\" content=\"Kari\u00e9ra So Zunhammerom a\u017e na vrchol Spolo\u010dnos\u0165 Zunhammer je jednou z popredn\u00fdch spolo\u010dnost\u00ed v oblasti po\u013enohospod\u00e1rskej techniky, ktor\u00e1 sa \u0161pecializuje na prepravu, rozmetanie a zapracovanie po\u013enohospod\u00e1rskeho hnoja.Na\u0161e vo\u013en\u00e9 pracovn\u00e9 miesta &nbsp;Na\u0161e programy odbornej pr\u00edpravy\" \/>\n<meta property=\"og:url\" content=\"https:\/\/zunhammer.de\/sk\/kariera\/\" \/>\n<meta property=\"og:site_name\" content=\"Zunhammer\" \/>\n<meta property=\"article:publisher\" content=\"https:\/\/www.facebook.com\/zunhammergmbh\" \/>\n<meta property=\"article:modified_time\" content=\"2026-05-04T13:02:46+00:00\" \/>\n<meta name=\"twitter:card\" content=\"summary_large_image\" \/>\n<meta name=\"twitter:label1\" content=\"Predpokladan\u00fd \u010das \u010d\u00edtania\" \/>\n\t<meta name=\"twitter:data1\" content=\"6 min\u00fat\" \/>\n<script type=\"application\/ld+json\" class=\"yoast-schema-graph\">{\"@context\":\"https:\\\/\\\/schema.org\",\"@graph\":[{\"@type\":\"WebPage\",\"@id\":\"https:\\\/\\\/zunhammer.de\\\/sk\\\/kariera\\\/\",\"url\":\"https:\\\/\\\/zunhammer.de\\\/sk\\\/kariera\\\/\",\"name\":\"Kari\u00e9ra - Zunhammer\",\"isPartOf\":{\"@id\":\"https:\\\/\\\/zunhammer.de\\\/sk\\\/#website\"},\"datePublished\":\"2024-06-10T08:18:37+00:00\",\"dateModified\":\"2026-05-04T13:02:46+00:00\",\"breadcrumb\":{\"@id\":\"https:\\\/\\\/zunhammer.de\\\/sk\\\/kariera\\\/#breadcrumb\"},\"inLanguage\":\"sk-SK\",\"potentialAction\":[{\"@type\":\"ReadAction\",\"target\":[\"https:\\\/\\\/zunhammer.de\\\/sk\\\/kariera\\\/\"]}]},{\"@type\":\"BreadcrumbList\",\"@id\":\"https:\\\/\\\/zunhammer.de\\\/sk\\\/kariera\\\/#breadcrumb\",\"itemListElement\":[{\"@type\":\"ListItem\",\"position\":1,\"name\":\"Home\",\"item\":\"https:\\\/\\\/zunhammer.de\\\/sk\\\/domovska-stranka\\\/\"},{\"@type\":\"ListItem\",\"position\":2,\"name\":\"Kari\u00e9ra\"}]},{\"@type\":\"WebSite\",\"@id\":\"https:\\\/\\\/zunhammer.de\\\/sk\\\/#website\",\"url\":\"https:\\\/\\\/zunhammer.de\\\/sk\\\/\",\"name\":\"Zunhammer\",\"description\":\"G\u00fclletechnik\",\"publisher\":{\"@id\":\"https:\\\/\\\/zunhammer.de\\\/sk\\\/#organization\"},\"potentialAction\":[{\"@type\":\"SearchAction\",\"target\":{\"@type\":\"EntryPoint\",\"urlTemplate\":\"https:\\\/\\\/zunhammer.de\\\/sk\\\/?s={search_term_string}\"},\"query-input\":{\"@type\":\"PropertyValueSpecification\",\"valueRequired\":true,\"valueName\":\"search_term_string\"}}],\"inLanguage\":\"sk-SK\"},{\"@type\":\"Organization\",\"@id\":\"https:\\\/\\\/zunhammer.de\\\/sk\\\/#organization\",\"name\":\"Zunhammer\",\"url\":\"https:\\\/\\\/zunhammer.de\\\/sk\\\/\",\"logo\":{\"@type\":\"ImageObject\",\"inLanguage\":\"sk-SK\",\"@id\":\"https:\\\/\\\/zunhammer.de\\\/sk\\\/#\\\/schema\\\/logo\\\/image\\\/\",\"url\":\"https:\\\/\\\/www.zunhammer.de\\\/wp-content\\\/uploads\\\/2024\\\/06\\\/zunhammer-logo-menu.png\",\"contentUrl\":\"https:\\\/\\\/www.zunhammer.de\\\/wp-content\\\/uploads\\\/2024\\\/06\\\/zunhammer-logo-menu.png\",\"width\":385,\"height\":386,\"caption\":\"Zunhammer\"},\"image\":{\"@id\":\"https:\\\/\\\/zunhammer.de\\\/sk\\\/#\\\/schema\\\/logo\\\/image\\\/\"},\"sameAs\":[\"https:\\\/\\\/www.facebook.com\\\/zunhammergmbh\",\"https:\\\/\\\/www.instagram.com\\\/zunhammer.guelletechnik\\\/\",\"https:\\\/\\\/www.tiktok.com\\\/@zunhammer.guelletechnik\",\"https:\\\/\\\/www.linkedin.com\\\/company\\\/zunhammer\\\/\",\"https:\\\/\\\/www.youtube.com\\\/@zunhammer.guelletechnik\"]}]}<\/script>\n<!-- \/ Yoast SEO plugin. -->","yoast_head_json":{"title":"Kari\u00e9ra - Zunhammer","robots":{"index":"index","follow":"follow","max-snippet":"max-snippet:-1","max-image-preview":"max-image-preview:large","max-video-preview":"max-video-preview:-1"},"canonical":"https:\/\/zunhammer.de\/sk\/kariera\/","og_locale":"sk_SK","og_type":"article","og_title":"Kari\u00e9ra - Zunhammer","og_description":"Kari\u00e9ra So Zunhammerom a\u017e na vrchol Spolo\u010dnos\u0165 Zunhammer je jednou z popredn\u00fdch spolo\u010dnost\u00ed v oblasti po\u013enohospod\u00e1rskej techniky, ktor\u00e1 sa \u0161pecializuje na prepravu, rozmetanie a zapracovanie po\u013enohospod\u00e1rskeho hnoja.Na\u0161e vo\u013en\u00e9 pracovn\u00e9 miesta &nbsp;Na\u0161e programy odbornej pr\u00edpravy","og_url":"https:\/\/zunhammer.de\/sk\/kariera\/","og_site_name":"Zunhammer","article_publisher":"https:\/\/www.facebook.com\/zunhammergmbh","article_modified_time":"2026-05-04T13:02:46+00:00","twitter_card":"summary_large_image","twitter_misc":{"Predpokladan\u00fd \u010das \u010d\u00edtania":"6 min\u00fat"},"schema":{"@context":"https:\/\/schema.org","@graph":[{"@type":"WebPage","@id":"https:\/\/zunhammer.de\/sk\/kariera\/","url":"https:\/\/zunhammer.de\/sk\/kariera\/","name":"Kari\u00e9ra - Zunhammer","isPartOf":{"@id":"https:\/\/zunhammer.de\/sk\/#website"},"datePublished":"2024-06-10T08:18:37+00:00","dateModified":"2026-05-04T13:02:46+00:00","breadcrumb":{"@id":"https:\/\/zunhammer.de\/sk\/kariera\/#breadcrumb"},"inLanguage":"sk-SK","potentialAction":[{"@type":"ReadAction","target":["https:\/\/zunhammer.de\/sk\/kariera\/"]}]},{"@type":"BreadcrumbList","@id":"https:\/\/zunhammer.de\/sk\/kariera\/#breadcrumb","itemListElement":[{"@type":"ListItem","position":1,"name":"Home","item":"https:\/\/zunhammer.de\/sk\/domovska-stranka\/"},{"@type":"ListItem","position":2,"name":"Kari\u00e9ra"}]},{"@type":"WebSite","@id":"https:\/\/zunhammer.de\/sk\/#website","url":"https:\/\/zunhammer.de\/sk\/","name":"Zunhammer","description":"G\u00fclletechnik","publisher":{"@id":"https:\/\/zunhammer.de\/sk\/#organization"},"potentialAction":[{"@type":"SearchAction","target":{"@type":"EntryPoint","urlTemplate":"https:\/\/zunhammer.de\/sk\/?s={search_term_string}"},"query-input":{"@type":"PropertyValueSpecification","valueRequired":true,"valueName":"search_term_string"}}],"inLanguage":"sk-SK"},{"@type":"Organization","@id":"https:\/\/zunhammer.de\/sk\/#organization","name":"Zunhammer","url":"https:\/\/zunhammer.de\/sk\/","logo":{"@type":"ImageObject","inLanguage":"sk-SK","@id":"https:\/\/zunhammer.de\/sk\/#\/schema\/logo\/image\/","url":"https:\/\/www.zunhammer.de\/wp-content\/uploads\/2024\/06\/zunhammer-logo-menu.png","contentUrl":"https:\/\/www.zunhammer.de\/wp-content\/uploads\/2024\/06\/zunhammer-logo-menu.png","width":385,"height":386,"caption":"Zunhammer"},"image":{"@id":"https:\/\/zunhammer.de\/sk\/#\/schema\/logo\/image\/"},"sameAs":["https:\/\/www.facebook.com\/zunhammergmbh","https:\/\/www.instagram.com\/zunhammer.guelletechnik\/","https:\/\/www.tiktok.com\/@zunhammer.guelletechnik","https:\/\/www.linkedin.com\/company\/zunhammer\/","https:\/\/www.youtube.com\/@zunhammer.guelletechnik"]}]}},"_links":{"self":[{"href":"https:\/\/zunhammer.de\/sk\/wp-json\/wp\/v2\/pages\/13594","targetHints":{"allow":["GET"]}}],"collection":[{"href":"https:\/\/zunhammer.de\/sk\/wp-json\/wp\/v2\/pages"}],"about":[{"href":"https:\/\/zunhammer.de\/sk\/wp-json\/wp\/v2\/types\/page"}],"author":[{"embeddable":true,"href":"https:\/\/zunhammer.de\/sk\/wp-json\/wp\/v2\/users\/1"}],"replies":[{"embeddable":true,"href":"https:\/\/zunhammer.de\/sk\/wp-json\/wp\/v2\/comments?post=13594"}],"version-history":[{"count":2,"href":"https:\/\/zunhammer.de\/sk\/wp-json\/wp\/v2\/pages\/13594\/revisions"}],"predecessor-version":[{"id":13596,"href":"https:\/\/zunhammer.de\/sk\/wp-json\/wp\/v2\/pages\/13594\/revisions\/13596"}],"wp:attachment":[{"href":"https:\/\/zunhammer.de\/sk\/wp-json\/wp\/v2\/media?parent=13594"}],"curies":[{"name":"wp","href":"https:\/\/api.w.org\/{rel}","templated":true}]}}